{"id":280,"date":"2016-05-10T15:44:07","date_gmt":"2016-05-10T14:44:07","guid":{"rendered":"https:\/\/www.berger.ca\/es\/?page_id=280"},"modified":"2023-12-14T15:04:56","modified_gmt":"2023-12-14T20:04:56","slug":"acerca-de-berger","status":"publish","type":"page","link":"https:\/\/stg-berger-dev.kinsta.cloud\/es\/acerca-de-berger\/","title":{"rendered":"Acerca de Berger"},"content":{"rendered":"","protected":false},"excerpt":{"rendered":"","protected":false},"author":2,"featured_media":0,"parent":0,"menu_order":0,"comment_status":"closed","ping_status":"closed","template":"template-hub.php","meta":{"_acf_changed":false,"footnotes":""},"acf":[],"yoast_head":"<!-- This site is optimized with the Yoast SEO plugin v22.4 - https:\/\/yoast.com\/wordpress\/plugins\/seo\/ -->\n<title>Acerca de Berger - Berger - ES<\/title>\n<meta name=\"description\" content=\"Adem\u00e1s de poseer 8 plantas y de extraer turba en 12 turberas situadas a trav\u00e9s de Am\u00e9rica, los productos Berger son distribuidos en m\u00e1s de 20 pa\u00edses.\" \/>\n<meta name=\"robots\" content=\"index, follow, max-snippet:-1, max-image-preview:large, max-video-preview:-1\" \/>\n<link rel=\"canonical\" href=\"https:\/\/stg-berger-dev.kinsta.cloud\/es\/acerca-de-berger\/\" \/>\n<meta property=\"og:locale\" content=\"es_ES\" \/>\n<meta property=\"og:type\" content=\"article\" \/>\n<meta property=\"og:title\" content=\"Acerca de Berger - Berger - ES\" \/>\n<meta property=\"og:description\" content=\"Adem\u00e1s de poseer 8 plantas y de extraer turba en 12 turberas situadas a trav\u00e9s de Am\u00e9rica, los productos Berger son distribuidos en m\u00e1s de 20 pa\u00edses.\" \/>\n<meta property=\"og:url\" content=\"https:\/\/stg-berger-dev.kinsta.cloud\/es\/acerca-de-berger\/\" \/>\n<meta property=\"og:site_name\" content=\"Berger - ES\" \/>\n<meta property=\"article:publisher\" content=\"https:\/\/www.facebook.com\/berger.ca\/\" \/>\n<meta property=\"article:modified_time\" content=\"2023-12-14T20:04:56+00:00\" \/>\n<meta name=\"twitter:card\" content=\"summary_large_image\" \/>\n<meta name=\"twitter:site\" content=\"@berger_ca\" \/>\n<script type=\"application\/ld+json\" class=\"yoast-schema-graph\">{\"@context\":\"https:\/\/schema.org\",\"@graph\":[{\"@type\":\"WebPage\",\"@id\":\"https:\/\/stg-berger-dev.kinsta.cloud\/es\/acerca-de-berger\/\",\"url\":\"https:\/\/stg-berger-dev.kinsta.cloud\/es\/acerca-de-berger\/\",\"name\":\"Acerca de Berger - Berger - ES\",\"isPartOf\":{\"@id\":\"https:\/\/stg-berger-dev.kinsta.cloud\/es\/#website\"},\"datePublished\":\"2016-05-10T14:44:07+00:00\",\"dateModified\":\"2023-12-14T20:04:56+00:00\",\"description\":\"Adem\u00e1s de poseer 8 plantas y de extraer turba en 12 turberas situadas a trav\u00e9s de Am\u00e9rica, los productos Berger son distribuidos en m\u00e1s de 20 pa\u00edses.\",\"inLanguage\":\"es\",\"potentialAction\":[{\"@type\":\"ReadAction\",\"target\":[\"https:\/\/stg-berger-dev.kinsta.cloud\/es\/acerca-de-berger\/\"]}]},{\"@type\":\"WebSite\",\"@id\":\"https:\/\/stg-berger-dev.kinsta.cloud\/es\/#website\",\"url\":\"https:\/\/stg-berger-dev.kinsta.cloud\/es\/\",\"name\":\"Berger - ES\",\"description\":\"Un site utilisant Sites Berger\",\"publisher\":{\"@id\":\"https:\/\/stg-berger-dev.kinsta.cloud\/es\/#organization\"},\"potentialAction\":[{\"@type\":\"SearchAction\",\"target\":{\"@type\":\"EntryPoint\",\"urlTemplate\":\"https:\/\/stg-berger-dev.kinsta.cloud\/es\/?s={search_term_string}\"},\"query-input\":\"required name=search_term_string\"}],\"inLanguage\":\"es\"},{\"@type\":\"Organization\",\"@id\":\"https:\/\/stg-berger-dev.kinsta.cloud\/es\/#organization\",\"name\":\"Berger\",\"url\":\"https:\/\/stg-berger-dev.kinsta.cloud\/es\/\",\"logo\":{\"@type\":\"ImageObject\",\"inLanguage\":\"es\",\"@id\":\"https:\/\/stg-berger-dev.kinsta.cloud\/es\/#\/schema\/logo\/image\/\",\"url\":\"https:\/\/stg-berger-dev.kinsta.cloud\/es\/wp-content\/uploads\/sites\/3\/2016\/07\/berger_logo_coul_seul.png\",\"contentUrl\":\"https:\/\/stg-berger-dev.kinsta.cloud\/es\/wp-content\/uploads\/sites\/3\/2016\/07\/berger_logo_coul_seul.png\",\"width\":1257,\"height\":1156,\"caption\":\"Berger\"},\"image\":{\"@id\":\"https:\/\/stg-berger-dev.kinsta.cloud\/es\/#\/schema\/logo\/image\/\"},\"sameAs\":[\"https:\/\/www.facebook.com\/berger.ca\/\",\"https:\/\/twitter.com\/berger_ca\",\"https:\/\/www.instagram.com\/bergermixes\/\",\"https:\/\/www.linkedin.com\/company\/berger-peat-moss-ltd-\/\",\"https:\/\/www.pinterest.com\/bergerpeatmoss\/\",\"https:\/\/www.youtube.com\/user\/tourbieresberger\"]}]}<\/script>\n<!-- \/ Yoast SEO plugin. -->","yoast_head_json":{"title":"Acerca de Berger - Berger - ES","description":"Adem\u00e1s de poseer 8 plantas y de extraer turba en 12 turberas situadas a trav\u00e9s de Am\u00e9rica, los productos Berger son distribuidos en m\u00e1s de 20 pa\u00edses.","robots":{"index":"index","follow":"follow","max-snippet":"max-snippet:-1","max-image-preview":"max-image-preview:large","max-video-preview":"max-video-preview:-1"},"canonical":"https:\/\/stg-berger-dev.kinsta.cloud\/es\/acerca-de-berger\/","og_locale":"es_ES","og_type":"article","og_title":"Acerca de Berger - Berger - ES","og_description":"Adem\u00e1s de poseer 8 plantas y de extraer turba en 12 turberas situadas a trav\u00e9s de Am\u00e9rica, los productos Berger son distribuidos en m\u00e1s de 20 pa\u00edses.","og_url":"https:\/\/stg-berger-dev.kinsta.cloud\/es\/acerca-de-berger\/","og_site_name":"Berger - ES","article_publisher":"https:\/\/www.facebook.com\/berger.ca\/","article_modified_time":"2023-12-14T20:04:56+00:00","twitter_card":"summary_large_image","twitter_site":"@berger_ca","schema":{"@context":"https:\/\/schema.org","@graph":[{"@type":"WebPage","@id":"https:\/\/stg-berger-dev.kinsta.cloud\/es\/acerca-de-berger\/","url":"https:\/\/stg-berger-dev.kinsta.cloud\/es\/acerca-de-berger\/","name":"Acerca de Berger - Berger - ES","isPartOf":{"@id":"https:\/\/stg-berger-dev.kinsta.cloud\/es\/#website"},"datePublished":"2016-05-10T14:44:07+00:00","dateModified":"2023-12-14T20:04:56+00:00","description":"Adem\u00e1s de poseer 8 plantas y de extraer turba en 12 turberas situadas a trav\u00e9s de Am\u00e9rica, los productos Berger son distribuidos en m\u00e1s de 20 pa\u00edses.","inLanguage":"es","potentialAction":[{"@type":"ReadAction","target":["https:\/\/stg-berger-dev.kinsta.cloud\/es\/acerca-de-berger\/"]}]},{"@type":"WebSite","@id":"https:\/\/stg-berger-dev.kinsta.cloud\/es\/#website","url":"https:\/\/stg-berger-dev.kinsta.cloud\/es\/","name":"Berger - ES","description":"Un site utilisant Sites Berger","publisher":{"@id":"https:\/\/stg-berger-dev.kinsta.cloud\/es\/#organization"},"potentialAction":[{"@type":"SearchAction","target":{"@type":"EntryPoint","urlTemplate":"https:\/\/stg-berger-dev.kinsta.cloud\/es\/?s={search_term_string}"},"query-input":"required name=search_term_string"}],"inLanguage":"es"},{"@type":"Organization","@id":"https:\/\/stg-berger-dev.kinsta.cloud\/es\/#organization","name":"Berger","url":"https:\/\/stg-berger-dev.kinsta.cloud\/es\/","logo":{"@type":"ImageObject","inLanguage":"es","@id":"https:\/\/stg-berger-dev.kinsta.cloud\/es\/#\/schema\/logo\/image\/","url":"https:\/\/stg-berger-dev.kinsta.cloud\/es\/wp-content\/uploads\/sites\/3\/2016\/07\/berger_logo_coul_seul.png","contentUrl":"https:\/\/stg-berger-dev.kinsta.cloud\/es\/wp-content\/uploads\/sites\/3\/2016\/07\/berger_logo_coul_seul.png","width":1257,"height":1156,"caption":"Berger"},"image":{"@id":"https:\/\/stg-berger-dev.kinsta.cloud\/es\/#\/schema\/logo\/image\/"},"sameAs":["https:\/\/www.facebook.com\/berger.ca\/","https:\/\/twitter.com\/berger_ca","https:\/\/www.instagram.com\/bergermixes\/","https:\/\/www.linkedin.com\/company\/berger-peat-moss-ltd-\/","https:\/\/www.pinterest.com\/bergerpeatmoss\/","https:\/\/www.youtube.com\/user\/tourbieresberger"]}]}},"_links":{"self":[{"href":"https:\/\/stg-berger-dev.kinsta.cloud\/es\/wp-json\/wp\/v2\/pages\/280"}],"collection":[{"href":"https:\/\/stg-berger-dev.kinsta.cloud\/es\/wp-json\/wp\/v2\/pages"}],"about":[{"href":"https:\/\/stg-berger-dev.kinsta.cloud\/es\/wp-json\/wp\/v2\/types\/page"}],"author":[{"embeddable":true,"href":"https:\/\/stg-berger-dev.kinsta.cloud\/es\/wp-json\/wp\/v2\/users\/2"}],"replies":[{"embeddable":true,"href":"https:\/\/stg-berger-dev.kinsta.cloud\/es\/wp-json\/wp\/v2\/comments?post=280"}],"version-history":[{"count":17,"href":"https:\/\/stg-berger-dev.kinsta.cloud\/es\/wp-json\/wp\/v2\/pages\/280\/revisions"}],"predecessor-version":[{"id":5174,"href":"https:\/\/stg-berger-dev.kinsta.cloud\/es\/wp-json\/wp\/v2\/pages\/280\/revisions\/5174"}],"wp:attachment":[{"href":"https:\/\/stg-berger-dev.kinsta.cloud\/es\/wp-json\/wp\/v2\/media?parent=280"}],"curies":[{"name":"wp","href":"https:\/\/api.w.org\/{rel}","templated":true}]}}